{"id":17,"date":"2019-03-06T13:17:57","date_gmt":"2019-03-06T13:17:57","guid":{"rendered":"http:\/\/leadermacher.info\/?page_id=17"},"modified":"2019-03-06T13:17:57","modified_gmt":"2019-03-06T13:17:57","slug":"kontakt-impressum","status":"publish","type":"page","link":"https:\/\/henningwolf.de\/?page_id=17","title":{"rendered":"Kontakt\/Impressum"},"content":{"rendered":"\n<p>Henning Wolf<br>Steinstr. 23b<br>21502 Geesthacht<br>E-Mail: hw@newh.de<br>Umsatzsteuer-Identifikationsnummer gem\u00e4\u00df \u00a7 27 a Umsatzsteuergesetz: DE 135315834<\/p>\n\n\n\n<p>Inhaltlich Verantwortlicher<br>\n    Inhaltlich Verantwortlicher gem\u00e4\u00df \u00a7 6 MDStV: Henning Wolf<\/p>\n\n\n\n<p>Haftungshinweis<br>Trotz sorgf\u00e4ltiger inhaltlicher Kontrolle \u00fcbernehmen wir keine Haftung f\u00fcr die Inhalte externer Links. <br>F\u00fcr den Inhalt der verlinkten Seiten sind ausschlie\u00dflich deren Betreiber verantwortlich.<\/p>\n","protected":false},"excerpt":{"rendered":"<p>Henning WolfSteinstr. 23b21502 GeesthachtE-Mail: hw@newh.deUmsatzsteuer-Identifikationsnummer gem\u00e4\u00df \u00a7 27 a Umsatzsteuergesetz: DE 135315834 Inhaltlich Verantwortlicher Inhaltlich Verantwortlicher gem\u00e4\u00df \u00a7 6 MDStV: Henning Wolf HaftungshinweisTrotz sorgf\u00e4ltiger inhaltlicher Kontrolle \u00fcbernehmen wir keine Haftung f\u00fcr die Inhalte externer Links. F\u00fcr den Inhalt der verlinkten Seiten sind ausschlie\u00dflich deren Betreiber verantwortlich.<\/p>\n","protected":false},"author":1,"featured_media":0,"parent":0,"menu_order":0,"comment_status":"closed","ping_status":"closed","template":"","meta":{"footnotes":""},"class_list":["post-17","page","type-page","status-publish","hentry"],"_links":{"self":[{"href":"https:\/\/henningwolf.de\/index.php?rest_route=\/wp\/v2\/pages\/17","targetHints":{"allow":["GET"]}}],"collection":[{"href":"https:\/\/henningwolf.de\/index.php?rest_route=\/wp\/v2\/pages"}],"about":[{"href":"https:\/\/henningwolf.de\/index.php?rest_route=\/wp\/v2\/types\/page"}],"author":[{"embeddable":true,"href":"https:\/\/henningwolf.de\/index.php?rest_route=\/wp\/v2\/users\/1"}],"replies":[{"embeddable":true,"href":"https:\/\/henningwolf.de\/index.php?rest_route=%2Fwp%2Fv2%2Fcomments&post=17"}],"version-history":[{"count":1,"href":"https:\/\/henningwolf.de\/index.php?rest_route=\/wp\/v2\/pages\/17\/revisions"}],"predecessor-version":[{"id":18,"href":"https:\/\/henningwolf.de\/index.php?rest_route=\/wp\/v2\/pages\/17\/revisions\/18"}],"wp:attachment":[{"href":"https:\/\/henningwolf.de\/index.php?rest_route=%2Fwp%2Fv2%2Fmedia&parent=17"}],"curies":[{"name":"wp","href":"https:\/\/api.w.org\/{rel}","templated":true}]}}