{"id":24,"date":"2019-03-10T21:20:45","date_gmt":"2019-03-10T21:20:45","guid":{"rendered":"http:\/\/leadermacher.info\/?page_id=24"},"modified":"2020-02-19T09:54:54","modified_gmt":"2020-02-19T08:54:54","slug":"ueber-mich","status":"publish","type":"page","link":"https:\/\/henningwolf.de\/?page_id=24","title":{"rendered":"\u00dcber mich"},"content":{"rendered":"\n<p>Mein Name ist Henning Wolf. Ich arbeite bei der <a href=\"https:\/\/www.it-agile.de\">it-agile GmbH<\/a> in Hamburg als Trainer und Agile Leadership Consultant. Ende 2004 habe ich gemeinsam mit Kollegen die it-agile GmbH gegr\u00fcndet und war ab 2005 bis Februar 2019 Gesch\u00e4ftsf\u00fchrer.<\/p>\n\n\n\n<p>Ende 2019 habe ich mit meiner Frau Nadine und der it-agile GmbH die <a href=\"https:\/\/www.selbstfuehren.de\" target=\"_blank\" rel=\"noreferrer noopener\" aria-label=\"selbstf\u00fchren W2 GmbH (\u00f6ffnet in neuem Tab)\">selbstf\u00fchren W2 GmbH<\/a> gegr\u00fcndet, die die Seite <a href=\"https:\/\/www.selbstfuehren.de\" target=\"_blank\" rel=\"noreferrer noopener\" aria-label=\"selbstfuehren.de (\u00f6ffnet in neuem Tab)\">selbstfuehren.de<\/a> betreibt.<\/p>\n\n\n\n<h2 class=\"wp-block-heading\">Meine Mission<\/h2>\n\n\n\n<p>Ich glaube fest daran, dass Ver\u00e4nderungen nur passieren, wenn jemand daf\u00fcr Verantwortung \u00fcbernimmt. Ich glaube, dass sich Probleme nur l\u00f6sen lassen, wenn jemand sie in Besitz nimmt und bereit ist die Konsequenzen zu tragen, die die L\u00f6sung ggf. mit sich bringt. Das verstehe ich unter Leadership. Gerade im agilen Kontext, aber auch sonst, braucht es Leadership auf allen Ebenen, nicht nur bei F\u00fchrungskr\u00e4ften, Managern und Vorst\u00e4nden. Diese F\u00e4higkeiten tragen Menschen in sich. Ich will dabei helfen, dass mehr Menschen ihre Leadership-F\u00e4higkeiten in Besitz nehmen, freier und wirkungsvoller werden und mehr Optionen sehen.  <\/p>\n","protected":false},"excerpt":{"rendered":"<p>Mein Name ist Henning Wolf. Ich arbeite bei der it-agile GmbH in Hamburg als Trainer und Agile Leadership Consultant. Ende 2004 habe ich gemeinsam mit Kollegen die it-agile GmbH gegr\u00fcndet und war ab 2005 bis Februar 2019 Gesch\u00e4ftsf\u00fchrer. Ende 2019 habe ich mit meiner Frau Nadine und der it-agile GmbH die selbstf\u00fchren W2 GmbH gegr\u00fcndet, &hellip; <\/p>\n<p class=\"link-more\"><a href=\"https:\/\/henningwolf.de\/?page_id=24\" class=\"more-link\"><span class=\"screen-reader-text\">\u201e\u00dcber mich\u201c <\/span>weiterlesen<\/a><\/p>\n","protected":false},"author":1,"featured_media":0,"parent":0,"menu_order":0,"comment_status":"closed","ping_status":"closed","template":"","meta":{"footnotes":""},"class_list":["post-24","page","type-page","status-publish","hentry"],"_links":{"self":[{"href":"https:\/\/henningwolf.de\/index.php?rest_route=\/wp\/v2\/pages\/24","targetHints":{"allow":["GET"]}}],"collection":[{"href":"https:\/\/henningwolf.de\/index.php?rest_route=\/wp\/v2\/pages"}],"about":[{"href":"https:\/\/henningwolf.de\/index.php?rest_route=\/wp\/v2\/types\/page"}],"author":[{"embeddable":true,"href":"https:\/\/henningwolf.de\/index.php?rest_route=\/wp\/v2\/users\/1"}],"replies":[{"embeddable":true,"href":"https:\/\/henningwolf.de\/index.php?rest_route=%2Fwp%2Fv2%2Fcomments&post=24"}],"version-history":[{"count":2,"href":"https:\/\/henningwolf.de\/index.php?rest_route=\/wp\/v2\/pages\/24\/revisions"}],"predecessor-version":[{"id":65,"href":"https:\/\/henningwolf.de\/index.php?rest_route=\/wp\/v2\/pages\/24\/revisions\/65"}],"wp:attachment":[{"href":"https:\/\/henningwolf.de\/index.php?rest_route=%2Fwp%2Fv2%2Fmedia&parent=24"}],"curies":[{"name":"wp","href":"https:\/\/api.w.org\/{rel}","templated":true}]}}